{"id":389,"date":"2025-08-26T20:13:09","date_gmt":"2025-08-26T20:13:09","guid":{"rendered":"https:\/\/ateliergu-ebenisterie.fr\/contact\/"},"modified":"2026-01-21T10:45:21","modified_gmt":"2026-01-21T10:45:21","slug":"contact","status":"publish","type":"page","link":"https:\/\/ateliergu-ebenisterie.fr\/en\/contact\/","title":{"rendered":"Contact"},"content":{"rendered":"\t\t<div data-elementor-type=\"wp-page\" data-elementor-id=\"389\" class=\"elementor elementor-389\">\n\t\t\t\t<div class=\"elementor-element elementor-element-d52cef6 e-flex e-con-boxed e-con e-parent\" data-id=\"d52cef6\" data-element_type=\"container\" data-e-type=\"container\" data-settings=\"{&quot;shape_divider_top&quot;:&quot;split&quot;,&quot;shape_divider_bottom&quot;:&quot;split&quot;}\">\n\t\t\t\t\t<div class=\"e-con-inner\">\n\t\t\t\t<div class=\"elementor-shape elementor-shape-top\" aria-hidden=\"true\" data-negative=\"false\">\n\t\t\t<svg xmlns=\"http:\/\/www.w3.org\/2000\/svg\" viewBox=\"0 0 1000 20\" preserveAspectRatio=\"none\">\n\t<path class=\"elementor-shape-fill\" d=\"M0,0v3c0,0,393.8,0,483.4,0c9.2,0,16.6,7.4,16.6,16.6c0-9.1,7.4-16.6,16.6-16.6C606.2,3,1000,3,1000,3V0H0z\"\/>\n<\/svg>\t\t<\/div>\n\t\t\t\t<div class=\"elementor-shape elementor-shape-bottom\" aria-hidden=\"true\" data-negative=\"false\">\n\t\t\t<svg xmlns=\"http:\/\/www.w3.org\/2000\/svg\" viewBox=\"0 0 1000 20\" preserveAspectRatio=\"none\">\n\t<path class=\"elementor-shape-fill\" d=\"M0,0v3c0,0,393.8,0,483.4,0c9.2,0,16.6,7.4,16.6,16.6c0-9.1,7.4-16.6,16.6-16.6C606.2,3,1000,3,1000,3V0H0z\"\/>\n<\/svg>\t\t<\/div>\n\t\t\t\t<div class=\"elementor-element elementor-element-20fcc34 elementor-widget elementor-widget-spacer\" data-id=\"20fcc34\" data-element_type=\"widget\" data-e-type=\"widget\" data-widget_type=\"spacer.default\">\n\t\t\t\t<div class=\"elementor-widget-container\">\n\t\t\t\t\t\t\t<div class=\"elementor-spacer\">\n\t\t\t<div class=\"elementor-spacer-inner\"><\/div>\n\t\t<\/div>\n\t\t\t\t\t\t<\/div>\n\t\t\t\t<\/div>\n\t\t\t\t<div class=\"elementor-element elementor-element-c648113 elementor-widget elementor-widget-heading\" data-id=\"c648113\" data-element_type=\"widget\" data-e-type=\"widget\" data-widget_type=\"heading.default\">\n\t\t\t\t<div class=\"elementor-widget-container\">\n\t\t\t\t\t<h1 class=\"elementor-heading-title elementor-size-default\">Notre histoire commence ici<\/h1>\t\t\t\t<\/div>\n\t\t\t\t<\/div>\n\t\t\t\t<div class=\"elementor-element elementor-element-8b5a484 elementor-widget elementor-widget-text-editor\" data-id=\"8b5a484\" data-element_type=\"widget\" data-e-type=\"widget\" data-widget_type=\"text-editor.default\">\n\t\t\t\t<div class=\"elementor-widget-container\">\n\t\t\t\t\t\t\t\t\t<p>Vous avez une id\u00e9e en t\u00eate? une envie un peu floue? ou un projet bien pr\u00e9cis? Peu importe, n\u2019h\u00e9sitez pas \u00e0 me contacter. Je suis l\u00e0 pour vous \u00e9couter, vous accompagnez, vous conseiller, vous guider et vous proposer un mobilier, un luminaire ou un am\u00e9nagement qui vous ressemble et auquel je t\u00e2cherai d\u2019apporter ma sensibilit\u00e9.<\/p>\t\t\t\t\t\t\t\t<\/div>\n\t\t\t\t<\/div>\n\t\t\t\t<div class=\"elementor-element elementor-element-0cba55d elementor-shape-rounded elementor-grid-0 e-grid-align-center elementor-widget elementor-widget-social-icons\" data-id=\"0cba55d\" data-element_type=\"widget\" data-e-type=\"widget\" data-widget_type=\"social-icons.default\">\n\t\t\t\t<div class=\"elementor-widget-container\">\n\t\t\t\t\t\t\t<div class=\"elementor-social-icons-wrapper elementor-grid\" role=\"list\">\n\t\t\t\t\t\t\t<span class=\"elementor-grid-item\" role=\"listitem\">\n\t\t\t\t\t<a class=\"elementor-icon elementor-social-icon elementor-social-icon-instagram elementor-repeater-item-43140de\" href=\"https:\/\/www.instagram.com\/atelier_gu_ebenisterie\/\" target=\"_blank\">\n\t\t\t\t\t\t<span class=\"elementor-screen-only\">Instagram<\/span>\n\t\t\t\t\t\t<i aria-hidden=\"true\" class=\"fab fa-instagram\"><\/i>\t\t\t\t\t<\/a>\n\t\t\t\t<\/span>\n\t\t\t\t\t\t\t<span class=\"elementor-grid-item\" role=\"listitem\">\n\t\t\t\t\t<a class=\"elementor-icon elementor-social-icon elementor-social-icon-stack-exchange elementor-repeater-item-1f8e0aa\" href=\"http:\/\/www.empreintes-paris.com\/collections\/atelier-gu\" target=\"_blank\">\n\t\t\t\t\t\t<span class=\"elementor-screen-only\">Stack-exchange<\/span>\n\t\t\t\t\t\t<i aria-hidden=\"true\" class=\"fab fa-stack-exchange\"><\/i>\t\t\t\t\t<\/a>\n\t\t\t\t<\/span>\n\t\t\t\t\t<\/div>\n\t\t\t\t\t\t<\/div>\n\t\t\t\t<\/div>\n\t\t\t\t<div class=\"elementor-element elementor-element-6563dbb elementor-widget elementor-widget-spacer\" data-id=\"6563dbb\" data-element_type=\"widget\" data-e-type=\"widget\" data-widget_type=\"spacer.default\">\n\t\t\t\t<div class=\"elementor-widget-container\">\n\t\t\t\t\t\t\t<div class=\"elementor-spacer\">\n\t\t\t<div class=\"elementor-spacer-inner\"><\/div>\n\t\t<\/div>\n\t\t\t\t\t\t<\/div>\n\t\t\t\t<\/div>\n\t\t\t\t\t<\/div>\n\t\t\t\t<\/div>\n\t\t<div class=\"elementor-element elementor-element-5aefffc e-flex e-con-boxed elementor-invisible e-con e-parent\" data-id=\"5aefffc\" data-element_type=\"container\" data-e-type=\"container\" data-settings=\"{&quot;animation&quot;:&quot;shake&quot;}\">\n\t\t\t\t\t<div class=\"e-con-inner\">\n\t\t<div class=\"elementor-element elementor-element-6b86565 e-con-full e-flex e-con e-child\" data-id=\"6b86565\" data-element_type=\"container\" data-e-type=\"container\">\n\t\t\t\t<div class=\"elementor-element elementor-element-da644ec elementor-widget elementor-widget-heading\" data-id=\"da644ec\" data-element_type=\"widget\" data-e-type=\"widget\" data-widget_type=\"heading.default\">\n\t\t\t\t<div class=\"elementor-widget-container\">\n\t\t\t\t\t<h3 class=\"elementor-heading-title elementor-size-default\">Envoyez-moi un mail <\/h3>\t\t\t\t<\/div>\n\t\t\t\t<\/div>\n\t\t\t\t<\/div>\n\t\t<div class=\"elementor-element elementor-element-591577d e-con-full e-flex e-con e-child\" data-id=\"591577d\" data-element_type=\"container\" data-e-type=\"container\">\n\t\t\t\t<div class=\"elementor-element elementor-element-552ca5a elementor-widget-mobile__width-inherit elementor-widget elementor-widget-wpforms\" data-id=\"552ca5a\" data-element_type=\"widget\" data-e-type=\"widget\" data-widget_type=\"wpforms.default\">\n\t\t\t\t<div class=\"elementor-widget-container\">\n\t\t\t\t\t<div class=\"wpforms-container \" id=\"wpforms-2130\"><form id=\"wpforms-form-2130\" class=\"wpforms-validate wpforms-form wpforms-ajax-form\" data-formid=\"2130\" method=\"post\" enctype=\"multipart\/form-data\" action=\"\/en\/wp-json\/wp\/v2\/pages\/389\" data-token=\"5d57b603cce8eb567d72b24a431de40f\" data-token-time=\"1775301475\"><noscript class=\"wpforms-error-noscript\">Please enable JavaScript in your browser to complete this form.<\/noscript><div class=\"wpforms-field-container\"><div id=\"wpforms-2130-field_0-container\" class=\"wpforms-field wpforms-field-name\" data-field-id=\"0\"><label class=\"wpforms-field-label wpforms-label-hide\" for=\"wpforms-2130-field_0\">Nom <span class=\"wpforms-required-label\">*<\/span><\/label><input type=\"text\" id=\"wpforms-2130-field_0\" class=\"wpforms-field-large wpforms-field-required\" name=\"wpforms[fields][0]\" placeholder=\"Nom*\" required><\/div><div id=\"wpforms-2130-field_1-container\" class=\"wpforms-field wpforms-field-email\" data-field-id=\"1\"><label class=\"wpforms-field-label wpforms-label-hide\" for=\"wpforms-2130-field_1\">Email <span class=\"wpforms-required-label\">*<\/span><\/label><input type=\"email\" id=\"wpforms-2130-field_1\" class=\"wpforms-field-large wpforms-field-required\" name=\"wpforms[fields][1]\" placeholder=\"Email*\" spellcheck=\"false\" required><\/div><div id=\"wpforms-2130-field_2-container\" class=\"wpforms-field wpforms-field-textarea\" data-field-id=\"2\"><label class=\"wpforms-field-label wpforms-label-hide\" for=\"wpforms-2130-field_2\">Commentaire ou Message <span class=\"wpforms-required-label\">*<\/span><\/label><textarea id=\"wpforms-2130-field_2\" class=\"wpforms-field-medium wpforms-field-required\" name=\"wpforms[fields][2]\" placeholder=\"Votre message*\" required><\/textarea><\/div><\/div><!-- .wpforms-field-container --><div class=\"wpforms-submit-container\" ><input type=\"hidden\" name=\"wpforms[id]\" value=\"2130\"><input type=\"hidden\" name=\"page_title\" value=\"\"><input type=\"hidden\" name=\"page_url\" value=\"https:\/\/ateliergu-ebenisterie.fr\/en\/wp-json\/wp\/v2\/pages\/389\"><input type=\"hidden\" name=\"url_referer\" value=\"\"><button type=\"submit\" name=\"wpforms[submit]\" id=\"wpforms-submit-2130\" class=\"wpforms-submit\" data-alt-text=\"Envoi...\" data-submit-text=\"Soumettre\" aria-live=\"assertive\" value=\"wpforms-submit\">Soumettre<\/button><img decoding=\"async\" src=\"https:\/\/ateliergu-ebenisterie.fr\/wp-content\/plugins\/wpforms-lite\/assets\/images\/submit-spin.svg\" class=\"wpforms-submit-spinner\" style=\"display: none;\" width=\"26\" height=\"26\" alt=\"Loading\" title=\"Contact\"><\/div><\/form><\/div>  <!-- .wpforms-container -->\t\t\t\t<\/div>\n\t\t\t\t<\/div>\n\t\t\t\t<\/div>\n\t\t\t\t\t<\/div>\n\t\t\t\t<\/div>\n\t\t\t\t<\/div>\n\t\t","protected":false},"excerpt":{"rendered":"<p>Notre histoire commence ici Vous avez une id\u00e9e en t\u00eate? une envie un peu floue? ou un projet bien pr\u00e9cis? Peu importe, n\u2019h\u00e9sitez pas \u00e0 me contacter. Je suis l\u00e0 pour vous \u00e9couter, vous accompagnez, vous conseiller, vous guider et vous proposer un mobilier, un luminaire ou un am\u00e9nagement qui vous ressemble et auquel je [&hellip;]<\/p>\n","protected":false},"author":1,"featured_media":0,"parent":0,"menu_order":0,"comment_status":"closed","ping_status":"closed","template":"","meta":{"site-sidebar-layout":"no-sidebar","site-content-layout":"page-builder","ast-site-content-layout":"full-width-container","site-content-style":"unboxed","site-sidebar-style":"unboxed","ast-global-header-display":"","ast-banner-title-visibility":"","ast-main-header-display":"","ast-hfb-above-header-display":"","ast-hfb-below-header-display":"","ast-hfb-mobile-header-display":"","site-post-title":"disabled","ast-breadcrumbs-content":"","ast-featured-img":"disabled","footer-sml-layout":"","ast-disable-related-posts":"","theme-transparent-header-meta":"enabled","adv-header-id-meta":"","stick-header-meta":"","header-above-stick-meta":"","header-main-stick-meta":"","header-below-stick-meta":"","astra-migrate-meta-layouts":"set","ast-page-background-enabled":"default","ast-page-background-meta":{"desktop":{"background-color":"var(--ast-global-color-4)","background-image":"","background-repeat":"repeat","background-position":"center center","background-size":"auto","background-attachment":"scroll","background-type":"","background-media":"","overlay-type":"","overlay-color":"","overlay-opacity":"","overlay-gradient":""},"tablet":{"background-color":"","background-image":"","background-repeat":"repeat","background-position":"center center","background-size":"auto","background-attachment":"scroll","background-type":"","background-media":"","overlay-type":"","overlay-color":"","overlay-opacity":"","overlay-gradient":""},"mobile":{"background-color":"","background-image":"","background-repeat":"repeat","background-position":"center center","background-size":"auto","background-attachment":"scroll","background-type":"","background-media":"","overlay-type":"","overlay-color":"","overlay-opacity":"","overlay-gradient":""}},"ast-content-background-meta":{"desktop":{"background-color":"var(--ast-global-color-5)","background-image":"","background-repeat":"repeat","background-position":"center center","background-size":"auto","background-attachment":"scroll","background-type":"","background-media":"","overlay-type":"","overlay-color":"","overlay-opacity":"","overlay-gradient":""},"tablet":{"background-color":"var(--ast-global-color-5)","background-image":"","background-repeat":"repeat","background-position":"center center","background-size":"auto","background-attachment":"scroll","background-type":"","background-media":"","overlay-type":"","overlay-color":"","overlay-opacity":"","overlay-gradient":""},"mobile":{"background-color":"var(--ast-global-color-5)","background-image":"","background-repeat":"repeat","background-position":"center center","background-size":"auto","background-attachment":"scroll","background-type":"","background-media":"","overlay-type":"","overlay-color":"","overlay-opacity":"","overlay-gradient":""}},"footnotes":""},"class_list":["post-389","page","type-page","status-publish","hentry"],"yoast_head":"<!-- This site is optimized with the Yoast SEO plugin v27.3 - https:\/\/yoast.com\/product\/yoast-seo-wordpress\/ -->\n<title>Contact - Atelier Gu &eacute;b&eacute;nisterie<\/title>\n<meta name=\"description\" content=\"L&#039;Atelier Gu Eb\u00e9nisterie est situ\u00e9 au 4 impasse de la Falaise \u00e0 Fontaine (Is\u00e8re). Florent Gardillou vous re\u00e7oit sur RdV. Tel 0675655177\" \/>\n<meta name=\"robots\" content=\"index, follow, max-snippet:-1, max-image-preview:large, max-video-preview:-1\" \/>\n<link rel=\"canonical\" href=\"https:\/\/ateliergu-ebenisterie.fr\/en\/contact\/\" \/>\n<meta property=\"og:locale\" content=\"en_US\" \/>\n<meta property=\"og:type\" content=\"article\" \/>\n<meta property=\"og:title\" content=\"Contact - Atelier Gu &eacute;b&eacute;nisterie\" \/>\n<meta property=\"og:description\" content=\"L&#039;Atelier Gu Eb\u00e9nisterie est situ\u00e9 au 4 impasse de la Falaise \u00e0 Fontaine (Is\u00e8re). Florent Gardillou vous re\u00e7oit sur RdV. Tel 0675655177\" \/>\n<meta property=\"og:url\" content=\"https:\/\/ateliergu-ebenisterie.fr\/en\/contact\/\" \/>\n<meta property=\"og:site_name\" content=\"Atelier Gu &eacute;b&eacute;nisterie\" \/>\n<meta property=\"article:modified_time\" content=\"2026-01-21T10:45:21+00:00\" \/>\n<meta property=\"og:image\" content=\"https:\/\/ateliergu-ebenisterie.fr\/wp-content\/plugins\/wpforms-lite\/assets\/images\/submit-spin.svg\" \/>\n<meta name=\"twitter:card\" content=\"summary_large_image\" \/>\n<meta name=\"twitter:label1\" content=\"Est. reading time\" \/>\n\t<meta name=\"twitter:data1\" content=\"1 minute\" \/>\n<script type=\"application\/ld+json\" class=\"yoast-schema-graph\">{\"@context\":\"https:\\\/\\\/schema.org\",\"@graph\":[{\"@type\":\"WebPage\",\"@id\":\"https:\\\/\\\/ateliergu-ebenisterie.fr\\\/contact\\\/\",\"url\":\"https:\\\/\\\/ateliergu-ebenisterie.fr\\\/contact\\\/\",\"name\":\"Contact - Atelier Gu &eacute;b&eacute;nisterie\",\"isPartOf\":{\"@id\":\"https:\\\/\\\/ateliergu-ebenisterie.fr\\\/#website\"},\"primaryImageOfPage\":{\"@id\":\"https:\\\/\\\/ateliergu-ebenisterie.fr\\\/contact\\\/#primaryimage\"},\"image\":{\"@id\":\"https:\\\/\\\/ateliergu-ebenisterie.fr\\\/contact\\\/#primaryimage\"},\"thumbnailUrl\":\"https:\\\/\\\/ateliergu-ebenisterie.fr\\\/wp-content\\\/plugins\\\/wpforms-lite\\\/assets\\\/images\\\/submit-spin.svg\",\"datePublished\":\"2025-08-26T20:13:09+00:00\",\"dateModified\":\"2026-01-21T10:45:21+00:00\",\"description\":\"L'Atelier Gu Eb\u00e9nisterie est situ\u00e9 au 4 impasse de la Falaise \u00e0 Fontaine (Is\u00e8re). Florent Gardillou vous re\u00e7oit sur RdV. Tel 0675655177\",\"breadcrumb\":{\"@id\":\"https:\\\/\\\/ateliergu-ebenisterie.fr\\\/contact\\\/#breadcrumb\"},\"inLanguage\":\"en-US\",\"potentialAction\":[{\"@type\":\"ReadAction\",\"target\":[\"https:\\\/\\\/ateliergu-ebenisterie.fr\\\/contact\\\/\"]}]},{\"@type\":\"ImageObject\",\"inLanguage\":\"en-US\",\"@id\":\"https:\\\/\\\/ateliergu-ebenisterie.fr\\\/contact\\\/#primaryimage\",\"url\":\"https:\\\/\\\/ateliergu-ebenisterie.fr\\\/wp-content\\\/plugins\\\/wpforms-lite\\\/assets\\\/images\\\/submit-spin.svg\",\"contentUrl\":\"https:\\\/\\\/ateliergu-ebenisterie.fr\\\/wp-content\\\/plugins\\\/wpforms-lite\\\/assets\\\/images\\\/submit-spin.svg\"},{\"@type\":\"BreadcrumbList\",\"@id\":\"https:\\\/\\\/ateliergu-ebenisterie.fr\\\/contact\\\/#breadcrumb\",\"itemListElement\":[{\"@type\":\"ListItem\",\"position\":1,\"name\":\"Accueil\",\"item\":\"https:\\\/\\\/ateliergu-ebenisterie.fr\\\/\"},{\"@type\":\"ListItem\",\"position\":2,\"name\":\"Contact\"}]},{\"@type\":\"WebSite\",\"@id\":\"https:\\\/\\\/ateliergu-ebenisterie.fr\\\/#website\",\"url\":\"https:\\\/\\\/ateliergu-ebenisterie.fr\\\/\",\"name\":\"Atelier Gu Eb\u00e9nisterie\",\"description\":\"Mobilier d'art et luminaires\",\"publisher\":{\"@id\":\"https:\\\/\\\/ateliergu-ebenisterie.fr\\\/#organization\"},\"alternateName\":\"Atelier Gu\",\"potentialAction\":[{\"@type\":\"SearchAction\",\"target\":{\"@type\":\"EntryPoint\",\"urlTemplate\":\"https:\\\/\\\/ateliergu-ebenisterie.fr\\\/?s={search_term_string}\"},\"query-input\":{\"@type\":\"PropertyValueSpecification\",\"valueRequired\":true,\"valueName\":\"search_term_string\"}}],\"inLanguage\":\"en-US\"},{\"@type\":\"Organization\",\"@id\":\"https:\\\/\\\/ateliergu-ebenisterie.fr\\\/#organization\",\"name\":\"Atelier Gu Eb\u00e9nisterie\",\"url\":\"https:\\\/\\\/ateliergu-ebenisterie.fr\\\/\",\"logo\":{\"@type\":\"ImageObject\",\"inLanguage\":\"en-US\",\"@id\":\"https:\\\/\\\/ateliergu-ebenisterie.fr\\\/#\\\/schema\\\/logo\\\/image\\\/\",\"url\":\"https:\\\/\\\/ateliergu-ebenisterie.fr\\\/wp-content\\\/uploads\\\/2025\\\/08\\\/LogoAtelierGu2025-Final-v2-blanc-scaled.png\",\"contentUrl\":\"https:\\\/\\\/ateliergu-ebenisterie.fr\\\/wp-content\\\/uploads\\\/2025\\\/08\\\/LogoAtelierGu2025-Final-v2-blanc-scaled.png\",\"width\":2560,\"height\":1080,\"caption\":\"Atelier Gu Eb\u00e9nisterie\"},\"image\":{\"@id\":\"https:\\\/\\\/ateliergu-ebenisterie.fr\\\/#\\\/schema\\\/logo\\\/image\\\/\"}}]}<\/script>\n<!-- \/ Yoast SEO plugin. -->","yoast_head_json":{"title":"Contact - Atelier Gu &eacute;b&eacute;nisterie","description":"L'Atelier Gu Eb\u00e9nisterie est situ\u00e9 au 4 impasse de la Falaise \u00e0 Fontaine (Is\u00e8re). Florent Gardillou vous re\u00e7oit sur RdV. Tel 0675655177","robots":{"index":"index","follow":"follow","max-snippet":"max-snippet:-1","max-image-preview":"max-image-preview:large","max-video-preview":"max-video-preview:-1"},"canonical":"https:\/\/ateliergu-ebenisterie.fr\/en\/contact\/","og_locale":"en_US","og_type":"article","og_title":"Contact - Atelier Gu &eacute;b&eacute;nisterie","og_description":"L'Atelier Gu Eb\u00e9nisterie est situ\u00e9 au 4 impasse de la Falaise \u00e0 Fontaine (Is\u00e8re). Florent Gardillou vous re\u00e7oit sur RdV. Tel 0675655177","og_url":"https:\/\/ateliergu-ebenisterie.fr\/en\/contact\/","og_site_name":"Atelier Gu &eacute;b&eacute;nisterie","article_modified_time":"2026-01-21T10:45:21+00:00","og_image":[{"url":"https:\/\/ateliergu-ebenisterie.fr\/wp-content\/plugins\/wpforms-lite\/assets\/images\/submit-spin.svg","type":"","width":"","height":""}],"twitter_card":"summary_large_image","twitter_misc":{"Est. reading time":"1 minute"},"schema":{"@context":"https:\/\/schema.org","@graph":[{"@type":"WebPage","@id":"https:\/\/ateliergu-ebenisterie.fr\/contact\/","url":"https:\/\/ateliergu-ebenisterie.fr\/contact\/","name":"Contact - Atelier Gu &eacute;b&eacute;nisterie","isPartOf":{"@id":"https:\/\/ateliergu-ebenisterie.fr\/#website"},"primaryImageOfPage":{"@id":"https:\/\/ateliergu-ebenisterie.fr\/contact\/#primaryimage"},"image":{"@id":"https:\/\/ateliergu-ebenisterie.fr\/contact\/#primaryimage"},"thumbnailUrl":"https:\/\/ateliergu-ebenisterie.fr\/wp-content\/plugins\/wpforms-lite\/assets\/images\/submit-spin.svg","datePublished":"2025-08-26T20:13:09+00:00","dateModified":"2026-01-21T10:45:21+00:00","description":"L'Atelier Gu Eb\u00e9nisterie est situ\u00e9 au 4 impasse de la Falaise \u00e0 Fontaine (Is\u00e8re). Florent Gardillou vous re\u00e7oit sur RdV. Tel 0675655177","breadcrumb":{"@id":"https:\/\/ateliergu-ebenisterie.fr\/contact\/#breadcrumb"},"inLanguage":"en-US","potentialAction":[{"@type":"ReadAction","target":["https:\/\/ateliergu-ebenisterie.fr\/contact\/"]}]},{"@type":"ImageObject","inLanguage":"en-US","@id":"https:\/\/ateliergu-ebenisterie.fr\/contact\/#primaryimage","url":"https:\/\/ateliergu-ebenisterie.fr\/wp-content\/plugins\/wpforms-lite\/assets\/images\/submit-spin.svg","contentUrl":"https:\/\/ateliergu-ebenisterie.fr\/wp-content\/plugins\/wpforms-lite\/assets\/images\/submit-spin.svg"},{"@type":"BreadcrumbList","@id":"https:\/\/ateliergu-ebenisterie.fr\/contact\/#breadcrumb","itemListElement":[{"@type":"ListItem","position":1,"name":"Accueil","item":"https:\/\/ateliergu-ebenisterie.fr\/"},{"@type":"ListItem","position":2,"name":"Contact"}]},{"@type":"WebSite","@id":"https:\/\/ateliergu-ebenisterie.fr\/#website","url":"https:\/\/ateliergu-ebenisterie.fr\/","name":"Atelier Gu Eb\u00e9nisterie","description":"Mobilier d'art et luminaires","publisher":{"@id":"https:\/\/ateliergu-ebenisterie.fr\/#organization"},"alternateName":"Atelier Gu","potentialAction":[{"@type":"SearchAction","target":{"@type":"EntryPoint","urlTemplate":"https:\/\/ateliergu-ebenisterie.fr\/?s={search_term_string}"},"query-input":{"@type":"PropertyValueSpecification","valueRequired":true,"valueName":"search_term_string"}}],"inLanguage":"en-US"},{"@type":"Organization","@id":"https:\/\/ateliergu-ebenisterie.fr\/#organization","name":"Atelier Gu Eb\u00e9nisterie","url":"https:\/\/ateliergu-ebenisterie.fr\/","logo":{"@type":"ImageObject","inLanguage":"en-US","@id":"https:\/\/ateliergu-ebenisterie.fr\/#\/schema\/logo\/image\/","url":"https:\/\/ateliergu-ebenisterie.fr\/wp-content\/uploads\/2025\/08\/LogoAtelierGu2025-Final-v2-blanc-scaled.png","contentUrl":"https:\/\/ateliergu-ebenisterie.fr\/wp-content\/uploads\/2025\/08\/LogoAtelierGu2025-Final-v2-blanc-scaled.png","width":2560,"height":1080,"caption":"Atelier Gu Eb\u00e9nisterie"},"image":{"@id":"https:\/\/ateliergu-ebenisterie.fr\/#\/schema\/logo\/image\/"}}]}},"_links":{"self":[{"href":"https:\/\/ateliergu-ebenisterie.fr\/en\/wp-json\/wp\/v2\/pages\/389","targetHints":{"allow":["GET"]}}],"collection":[{"href":"https:\/\/ateliergu-ebenisterie.fr\/en\/wp-json\/wp\/v2\/pages"}],"about":[{"href":"https:\/\/ateliergu-ebenisterie.fr\/en\/wp-json\/wp\/v2\/types\/page"}],"author":[{"embeddable":true,"href":"https:\/\/ateliergu-ebenisterie.fr\/en\/wp-json\/wp\/v2\/users\/1"}],"replies":[{"embeddable":true,"href":"https:\/\/ateliergu-ebenisterie.fr\/en\/wp-json\/wp\/v2\/comments?post=389"}],"version-history":[{"count":91,"href":"https:\/\/ateliergu-ebenisterie.fr\/en\/wp-json\/wp\/v2\/pages\/389\/revisions"}],"predecessor-version":[{"id":4353,"href":"https:\/\/ateliergu-ebenisterie.fr\/en\/wp-json\/wp\/v2\/pages\/389\/revisions\/4353"}],"wp:attachment":[{"href":"https:\/\/ateliergu-ebenisterie.fr\/en\/wp-json\/wp\/v2\/media?parent=389"}],"curies":[{"name":"wp","href":"https:\/\/api.w.org\/{rel}","templated":true}]}}