{"id":3351,"date":"2025-09-02T22:10:32","date_gmt":"2025-09-02T22:10:32","guid":{"rendered":"https:\/\/ateliergu-ebenisterie.fr\/?page_id=3351"},"modified":"2025-12-16T21:48:17","modified_gmt":"2025-12-16T21:48:17","slug":"mentions-legales","status":"publish","type":"page","link":"https:\/\/ateliergu-ebenisterie.fr\/en\/mentions-legales\/","title":{"rendered":"Mentions l\u00e9gales"},"content":{"rendered":"<div data-elementor-type=\"wp-page\" data-elementor-id=\"3351\" class=\"elementor elementor-3351\">\n\t\t\t\t<div class=\"elementor-element elementor-element-4a8b5b4 e-flex e-con-boxed e-con e-parent\" data-id=\"4a8b5b4\" data-element_type=\"container\" data-e-type=\"container\">\n\t\t\t\t\t<div class=\"e-con-inner\">\n\t\t\t\t<div class=\"elementor-element elementor-element-0357daf elementor-widget elementor-widget-text-editor\" data-id=\"0357daf\" data-element_type=\"widget\" data-e-type=\"widget\" data-widget_type=\"text-editor.default\">\n\t\t\t\t<div class=\"elementor-widget-container\">\n\t\t\t\t\t\t\t\t\t<p data-start=\"118\" data-end=\"299\">Nom de l\u2019entreprise : Florent Gardillou<br data-start=\"157\" data-end=\"160\" \/>Adresse : 53, rue Abb\u00e9 Gr\u00e9goire, 38000 Grenoble<br data-start=\"210\" data-end=\"213\" \/>Num\u00e9ro de t\u00e9l\u00e9phone : <a href=\"tel:0675655177\">06075655177<\/a><br data-start=\"246\" data-end=\"249\" \/>Adresse e-mail : <a class=\"decorated-link cursor-pointer\" rel=\"noopener\" data-start=\"266\" data-end=\"297\">ateliergu.ebenisterie@gmail.com<\/a><\/p><p data-start=\"301\" data-end=\"352\">Responsable de la publication : Florent Gardillou<\/p><p data-start=\"354\" data-end=\"425\">H\u00e9bergeur : Ionos<br data-start=\"371\" data-end=\"374\" \/>Adresse : 7 Place de la Gare, 57200 Sarreguemines<\/p><p data-start=\"427\" data-end=\"1386\">Les informations contenues sur ce site sont fournies en toute bonne foi et sont \u00e0 jour \u00e0 la date de leur publication. Toutefois, Florent Gardillou ne peut garantir l&rsquo;exactitude, la compl\u00e9tude, l&rsquo;actualit\u00e9 ou l&rsquo;ad\u00e9quation des informations diffus\u00e9es sur ce site \u00e0 un usage particulier.<br data-start=\"710\" data-end=\"713\" \/>Les marques, logos et tout autre contenu distinctif appartenant \u00e0 Florent Gardillou ou \u00e0 des tiers sont prot\u00e9g\u00e9s par les lois en vigueur sur la propri\u00e9t\u00e9 intellectuelle. La reproduction, la repr\u00e9sentation, la diffusion, la commercialisation, sans autorisation pr\u00e9alable et expresse de Florent Gardillou, sont interdites.<br data-start=\"1033\" data-end=\"1036\" \/>Les liens hypertextes mis en place dans le cadre du pr\u00e9sent site web en direction d&rsquo;autres ressources pr\u00e9sentes sur le r\u00e9seau Internet ne sauraient engager la responsabilit\u00e9 de Florent Gardillou.<br data-start=\"1231\" data-end=\"1234\" \/>Florent Gardillou ne pourra \u00eatre tenu responsable de tout dommage direct ou indirect, quelle qu&rsquo;en soit la nature, r\u00e9sultant de l&rsquo;utilisation du site.<\/p><p data-start=\"1388\" data-end=\"1621\">Les informations transmises \u00e0 Florent Gardillou par le biais de ce site sont consid\u00e9r\u00e9es comme non confidentielles et les droits de propri\u00e9t\u00e9 intellectuelle sur ces informations sont c\u00e9d\u00e9s \u00e0 Florent Gardillou d\u00e8s leur transmission.<\/p><p data-start=\"1623\" data-end=\"1808\">Les pr\u00e9sentes mentions l\u00e9gales sont soumises au droit fran\u00e7ais. Tout litige relatif \u00e0 l&rsquo;utilisation du site web de Florent Gardillou est soumis \u00e0 la comp\u00e9tence des tribunaux fran\u00e7ais.<\/p><p data-start=\"1810\" data-end=\"1988\">Ce texte peut \u00eatre modifi\u00e9 \u00e0 tout moment sans pr\u00e9avis. Il est conseill\u00e9 de consulter r\u00e9guli\u00e8rement les mentions l\u00e9gales pour prendre connaissance des \u00e9ventuelles modifications.<\/p>\t\t\t\t\t\t\t\t<\/div>\n\t\t\t\t<\/div>\n\t\t\t\t\t<\/div>\n\t\t\t\t<\/div>\n\t\t\t\t<\/div>","protected":false},"excerpt":{"rendered":"<p>Nom de l\u2019entreprise : Florent GardillouAdresse : 53, rue Abb\u00e9 Gr\u00e9goire, 38000 GrenobleNum\u00e9ro de t\u00e9l\u00e9phone : 06075655177Adresse e-mail : ateliergu.ebenisterie@gmail.com Responsable de la publication : Florent Gardillou H\u00e9bergeur : IonosAdresse : 7 Place de la Gare, 57200 Sarreguemines Les informations contenues sur ce site sont fournies en toute bonne foi et sont \u00e0 jour \u00e0 [&hellip;]<\/p>\n","protected":false},"author":1,"featured_media":0,"parent":0,"menu_order":0,"comment_status":"closed","ping_status":"closed","template":"","meta":{"site-sidebar-layout":"no-sidebar","site-content-layout":"page-builder","ast-site-content-layout":"full-width-container","site-content-style":"default","site-sidebar-style":"default","ast-global-header-display":"","ast-banner-title-visibility":"","ast-main-header-display":"","ast-hfb-above-header-display":"","ast-hfb-below-header-display":"","ast-hfb-mobile-header-display":"","site-post-title":"","ast-breadcrumbs-content":"","ast-featured-img":"disabled","footer-sml-layout":"","ast-disable-related-posts":"","theme-transparent-header-meta":"","adv-header-id-meta":"","stick-header-meta":"","header-above-stick-meta":"","header-main-stick-meta":"","header-below-stick-meta":"","astra-migrate-meta-layouts":"set","ast-page-background-enabled":"default","ast-page-background-meta":{"desktop":{"background-color":"var(--ast-global-color-4)","background-image":"","background-repeat":"repeat","background-position":"center center","background-size":"auto","background-attachment":"scroll","background-type":"","background-media":"","overlay-type":"","overlay-color":"","overlay-opacity":"","overlay-gradient":""},"tablet":{"background-color":"","background-image":"","background-repeat":"repeat","background-position":"center center","background-size":"auto","background-attachment":"scroll","background-type":"","background-media":"","overlay-type":"","overlay-color":"","overlay-opacity":"","overlay-gradient":""},"mobile":{"background-color":"","background-image":"","background-repeat":"repeat","background-position":"center center","background-size":"auto","background-attachment":"scroll","background-type":"","background-media":"","overlay-type":"","overlay-color":"","overlay-opacity":"","overlay-gradient":""}},"ast-content-background-meta":{"desktop":{"background-color":"var(--ast-global-color-5)","background-image":"","background-repeat":"repeat","background-position":"center center","background-size":"auto","background-attachment":"scroll","background-type":"","background-media":"","overlay-type":"","overlay-color":"","overlay-opacity":"","overlay-gradient":""},"tablet":{"background-color":"var(--ast-global-color-5)","background-image":"","background-repeat":"repeat","background-position":"center center","background-size":"auto","background-attachment":"scroll","background-type":"","background-media":"","overlay-type":"","overlay-color":"","overlay-opacity":"","overlay-gradient":""},"mobile":{"background-color":"var(--ast-global-color-5)","background-image":"","background-repeat":"repeat","background-position":"center center","background-size":"auto","background-attachment":"scroll","background-type":"","background-media":"","overlay-type":"","overlay-color":"","overlay-opacity":"","overlay-gradient":""}},"footnotes":""},"class_list":["post-3351","page","type-page","status-publish","hentry"],"yoast_head":"<!-- This site is optimized with the Yoast SEO plugin v27.3 - https:\/\/yoast.com\/product\/yoast-seo-wordpress\/ -->\n<title>Mentions l\u00e9gales - Atelier Gu &eacute;b&eacute;nisterie<\/title>\n<meta name=\"robots\" content=\"index, follow, max-snippet:-1, max-image-preview:large, max-video-preview:-1\" \/>\n<link rel=\"canonical\" href=\"https:\/\/ateliergu-ebenisterie.fr\/en\/mentions-legales\/\" \/>\n<meta property=\"og:locale\" content=\"en_US\" \/>\n<meta property=\"og:type\" content=\"article\" \/>\n<meta property=\"og:title\" content=\"Mentions l\u00e9gales - Atelier Gu &eacute;b&eacute;nisterie\" \/>\n<meta property=\"og:description\" content=\"Nom de l\u2019entreprise : Florent GardillouAdresse : 53, rue Abb\u00e9 Gr\u00e9goire, 38000 GrenobleNum\u00e9ro de t\u00e9l\u00e9phone : 06075655177Adresse e-mail : ateliergu.ebenisterie@gmail.com Responsable de la publication : Florent Gardillou H\u00e9bergeur : IonosAdresse : 7 Place de la Gare, 57200 Sarreguemines Les informations contenues sur ce site sont fournies en toute bonne foi et sont \u00e0 jour \u00e0 [&hellip;]\" \/>\n<meta property=\"og:url\" content=\"https:\/\/ateliergu-ebenisterie.fr\/en\/mentions-legales\/\" \/>\n<meta property=\"og:site_name\" content=\"Atelier Gu &eacute;b&eacute;nisterie\" \/>\n<meta property=\"article:modified_time\" content=\"2025-12-16T21:48:17+00:00\" \/>\n<meta property=\"og:image\" content=\"https:\/\/ateliergu-ebenisterie.fr\/wp-content\/uploads\/2025\/09\/LogoAtelierGu2025-Final-v3-scaled.png\" \/>\n\t<meta property=\"og:image:width\" content=\"2560\" \/>\n\t<meta property=\"og:image:height\" content=\"1523\" \/>\n\t<meta property=\"og:image:type\" content=\"image\/png\" \/>\n<meta name=\"twitter:card\" content=\"summary_large_image\" \/>\n<meta name=\"twitter:label1\" content=\"Est. reading time\" \/>\n\t<meta name=\"twitter:data1\" content=\"1 minute\" \/>\n<script type=\"application\/ld+json\" class=\"yoast-schema-graph\">{\"@context\":\"https:\\\/\\\/schema.org\",\"@graph\":[{\"@type\":\"WebPage\",\"@id\":\"https:\\\/\\\/ateliergu-ebenisterie.fr\\\/mentions-legales\\\/\",\"url\":\"https:\\\/\\\/ateliergu-ebenisterie.fr\\\/mentions-legales\\\/\",\"name\":\"Mentions l\u00e9gales - Atelier Gu &eacute;b&eacute;nisterie\",\"isPartOf\":{\"@id\":\"https:\\\/\\\/ateliergu-ebenisterie.fr\\\/#website\"},\"datePublished\":\"2025-09-02T22:10:32+00:00\",\"dateModified\":\"2025-12-16T21:48:17+00:00\",\"breadcrumb\":{\"@id\":\"https:\\\/\\\/ateliergu-ebenisterie.fr\\\/mentions-legales\\\/#breadcrumb\"},\"inLanguage\":\"en-US\",\"potentialAction\":[{\"@type\":\"ReadAction\",\"target\":[\"https:\\\/\\\/ateliergu-ebenisterie.fr\\\/mentions-legales\\\/\"]}]},{\"@type\":\"BreadcrumbList\",\"@id\":\"https:\\\/\\\/ateliergu-ebenisterie.fr\\\/mentions-legales\\\/#breadcrumb\",\"itemListElement\":[{\"@type\":\"ListItem\",\"position\":1,\"name\":\"Accueil\",\"item\":\"https:\\\/\\\/ateliergu-ebenisterie.fr\\\/\"},{\"@type\":\"ListItem\",\"position\":2,\"name\":\"Mentions l\u00e9gales\"}]},{\"@type\":\"WebSite\",\"@id\":\"https:\\\/\\\/ateliergu-ebenisterie.fr\\\/#website\",\"url\":\"https:\\\/\\\/ateliergu-ebenisterie.fr\\\/\",\"name\":\"Atelier Gu Eb\u00e9nisterie\",\"description\":\"Mobilier d'art et luminaires\",\"publisher\":{\"@id\":\"https:\\\/\\\/ateliergu-ebenisterie.fr\\\/#organization\"},\"alternateName\":\"Atelier Gu\",\"potentialAction\":[{\"@type\":\"SearchAction\",\"target\":{\"@type\":\"EntryPoint\",\"urlTemplate\":\"https:\\\/\\\/ateliergu-ebenisterie.fr\\\/?s={search_term_string}\"},\"query-input\":{\"@type\":\"PropertyValueSpecification\",\"valueRequired\":true,\"valueName\":\"search_term_string\"}}],\"inLanguage\":\"en-US\"},{\"@type\":\"Organization\",\"@id\":\"https:\\\/\\\/ateliergu-ebenisterie.fr\\\/#organization\",\"name\":\"Atelier Gu Eb\u00e9nisterie\",\"url\":\"https:\\\/\\\/ateliergu-ebenisterie.fr\\\/\",\"logo\":{\"@type\":\"ImageObject\",\"inLanguage\":\"en-US\",\"@id\":\"https:\\\/\\\/ateliergu-ebenisterie.fr\\\/#\\\/schema\\\/logo\\\/image\\\/\",\"url\":\"https:\\\/\\\/ateliergu-ebenisterie.fr\\\/wp-content\\\/uploads\\\/2025\\\/08\\\/LogoAtelierGu2025-Final-v2-blanc-scaled.png\",\"contentUrl\":\"https:\\\/\\\/ateliergu-ebenisterie.fr\\\/wp-content\\\/uploads\\\/2025\\\/08\\\/LogoAtelierGu2025-Final-v2-blanc-scaled.png\",\"width\":2560,\"height\":1080,\"caption\":\"Atelier Gu Eb\u00e9nisterie\"},\"image\":{\"@id\":\"https:\\\/\\\/ateliergu-ebenisterie.fr\\\/#\\\/schema\\\/logo\\\/image\\\/\"}}]}<\/script>\n<!-- \/ Yoast SEO plugin. -->","yoast_head_json":{"title":"Mentions l\u00e9gales - Atelier Gu &eacute;b&eacute;nisterie","robots":{"index":"index","follow":"follow","max-snippet":"max-snippet:-1","max-image-preview":"max-image-preview:large","max-video-preview":"max-video-preview:-1"},"canonical":"https:\/\/ateliergu-ebenisterie.fr\/en\/mentions-legales\/","og_locale":"en_US","og_type":"article","og_title":"Mentions l\u00e9gales - Atelier Gu &eacute;b&eacute;nisterie","og_description":"Nom de l\u2019entreprise : Florent GardillouAdresse : 53, rue Abb\u00e9 Gr\u00e9goire, 38000 GrenobleNum\u00e9ro de t\u00e9l\u00e9phone : 06075655177Adresse e-mail : ateliergu.ebenisterie@gmail.com Responsable de la publication : Florent Gardillou H\u00e9bergeur : IonosAdresse : 7 Place de la Gare, 57200 Sarreguemines Les informations contenues sur ce site sont fournies en toute bonne foi et sont \u00e0 jour \u00e0 [&hellip;]","og_url":"https:\/\/ateliergu-ebenisterie.fr\/en\/mentions-legales\/","og_site_name":"Atelier Gu &eacute;b&eacute;nisterie","article_modified_time":"2025-12-16T21:48:17+00:00","og_image":[{"width":2560,"height":1523,"url":"https:\/\/ateliergu-ebenisterie.fr\/wp-content\/uploads\/2025\/09\/LogoAtelierGu2025-Final-v3-scaled.png","type":"image\/png"}],"twitter_card":"summary_large_image","twitter_misc":{"Est. reading time":"1 minute"},"schema":{"@context":"https:\/\/schema.org","@graph":[{"@type":"WebPage","@id":"https:\/\/ateliergu-ebenisterie.fr\/mentions-legales\/","url":"https:\/\/ateliergu-ebenisterie.fr\/mentions-legales\/","name":"Mentions l\u00e9gales - Atelier Gu &eacute;b&eacute;nisterie","isPartOf":{"@id":"https:\/\/ateliergu-ebenisterie.fr\/#website"},"datePublished":"2025-09-02T22:10:32+00:00","dateModified":"2025-12-16T21:48:17+00:00","breadcrumb":{"@id":"https:\/\/ateliergu-ebenisterie.fr\/mentions-legales\/#breadcrumb"},"inLanguage":"en-US","potentialAction":[{"@type":"ReadAction","target":["https:\/\/ateliergu-ebenisterie.fr\/mentions-legales\/"]}]},{"@type":"BreadcrumbList","@id":"https:\/\/ateliergu-ebenisterie.fr\/mentions-legales\/#breadcrumb","itemListElement":[{"@type":"ListItem","position":1,"name":"Accueil","item":"https:\/\/ateliergu-ebenisterie.fr\/"},{"@type":"ListItem","position":2,"name":"Mentions l\u00e9gales"}]},{"@type":"WebSite","@id":"https:\/\/ateliergu-ebenisterie.fr\/#website","url":"https:\/\/ateliergu-ebenisterie.fr\/","name":"Atelier Gu Eb\u00e9nisterie","description":"Mobilier d'art et luminaires","publisher":{"@id":"https:\/\/ateliergu-ebenisterie.fr\/#organization"},"alternateName":"Atelier Gu","potentialAction":[{"@type":"SearchAction","target":{"@type":"EntryPoint","urlTemplate":"https:\/\/ateliergu-ebenisterie.fr\/?s={search_term_string}"},"query-input":{"@type":"PropertyValueSpecification","valueRequired":true,"valueName":"search_term_string"}}],"inLanguage":"en-US"},{"@type":"Organization","@id":"https:\/\/ateliergu-ebenisterie.fr\/#organization","name":"Atelier Gu Eb\u00e9nisterie","url":"https:\/\/ateliergu-ebenisterie.fr\/","logo":{"@type":"ImageObject","inLanguage":"en-US","@id":"https:\/\/ateliergu-ebenisterie.fr\/#\/schema\/logo\/image\/","url":"https:\/\/ateliergu-ebenisterie.fr\/wp-content\/uploads\/2025\/08\/LogoAtelierGu2025-Final-v2-blanc-scaled.png","contentUrl":"https:\/\/ateliergu-ebenisterie.fr\/wp-content\/uploads\/2025\/08\/LogoAtelierGu2025-Final-v2-blanc-scaled.png","width":2560,"height":1080,"caption":"Atelier Gu Eb\u00e9nisterie"},"image":{"@id":"https:\/\/ateliergu-ebenisterie.fr\/#\/schema\/logo\/image\/"}}]}},"_links":{"self":[{"href":"https:\/\/ateliergu-ebenisterie.fr\/en\/wp-json\/wp\/v2\/pages\/3351","targetHints":{"allow":["GET"]}}],"collection":[{"href":"https:\/\/ateliergu-ebenisterie.fr\/en\/wp-json\/wp\/v2\/pages"}],"about":[{"href":"https:\/\/ateliergu-ebenisterie.fr\/en\/wp-json\/wp\/v2\/types\/page"}],"author":[{"embeddable":true,"href":"https:\/\/ateliergu-ebenisterie.fr\/en\/wp-json\/wp\/v2\/users\/1"}],"replies":[{"embeddable":true,"href":"https:\/\/ateliergu-ebenisterie.fr\/en\/wp-json\/wp\/v2\/comments?post=3351"}],"version-history":[{"count":21,"href":"https:\/\/ateliergu-ebenisterie.fr\/en\/wp-json\/wp\/v2\/pages\/3351\/revisions"}],"predecessor-version":[{"id":4255,"href":"https:\/\/ateliergu-ebenisterie.fr\/en\/wp-json\/wp\/v2\/pages\/3351\/revisions\/4255"}],"wp:attachment":[{"href":"https:\/\/ateliergu-ebenisterie.fr\/en\/wp-json\/wp\/v2\/media?parent=3351"}],"curies":[{"name":"wp","href":"https:\/\/api.w.org\/{rel}","templated":true}]}}